{"id":71306,"date":"2017-11-06T08:43:36","date_gmt":"2017-11-06T07:43:36","guid":{"rendered":"https:\/\/biobloom.sk\/produkt\/biobloom-starterpaket\/"},"modified":"2023-05-02T12:09:18","modified_gmt":"2023-05-02T10:09:18","slug":"biobloom-starterpaket","status":"publish","type":"product","link":"https:\/\/biobloom.sk\/en\/produkt\/biobloom-starterpaket\/","title":{"rendered":"BioBloom Starter Package"},"content":{"rendered":"<p><strong>Get to Know Our Products<\/strong><\/p>\n<p>The BioBloom starter package is the perfect introduction to our high-quality organic hemp products.<\/p>\n<p>The <a href=\"https:\/\/biobloom.sk\/produkt\/cbd-hanfextrakt-4prozent-10ml\/\">BioBloom CBD oil 4%<\/a>\u00a0is a 100% natural hemp extract with the full spectrum of the hemp plant and absolutely no additives or enrichment with CBD isolates.<\/p>\n<p>The unique <a href=\"https:\/\/biobloom.sk\/produkt\/hanfbluetentee-teebox\/\">Organic Hemp Tea<\/a> unfolds its effect depending on the infusion time. With an infusion time of 5 minutes it is invigorating and with an infusion time of 15 minutes it is calming and sleep-promoting. Only the hand-picked hemp flowers from the certified organic BioBloom fields are put into the tea bags.<\/p>\n<p>The <a href=\"https:\/\/biobloom.sk\/produkt\/bio-hanfoel-250ml\/\">organic hemp oil<\/a> from shelled hemp seeds refines dishes such as salads or spreads with its special nutty flavor and is one of the healthiest oils.<\/p>\n<p>&nbsp;<\/p>\n","protected":false},"excerpt":{"rendered":"<p><strong>Ready for delivery.<br \/>\nDelivery time 2-3 workdays.<\/strong><\/p>\n<p>[icon name=\"check\" class=\"\" unprefixed_class=\"\"]\u00a0 4% Organic CBD Hemp Oil 10ml<br \/>\n[icon name=\"check\" class=\"\" unprefixed_class=\"\"]\u00a0 Organic Hemp tea teabox with 20 teabags<br \/>\n[icon name=\"check\" class=\"\" unprefixed_class=\"\"]\u00a0 Organic Hemp oil &#8211; from peeled hemp seeds<\/p>\n<p><img loading=\"lazy\" decoding=\"async\" class=\"alignnone wp-image-88287\" src=\"https:\/\/biobloom.sk\/wp-content\/uploads\/2020\/10\/at-bio-301-zertifikat-177x96-1.png\" alt=\"AT-Bio-301 Zertifiziert\" width=\"120\" height=\"65\" \/>\u00a0 <img loading=\"lazy\" decoding=\"async\" class=\"alignnone wp-image-88295\" src=\"https:\/\/biobloom.sk\/wp-content\/uploads\/2017\/11\/autria_bio_garantie.png\" alt=\"Bio Austria Garantie\" width=\"65\" height=\"65\" \/><\/p>\n","protected":false},"featured_media":88233,"comment_status":"open","ping_status":"closed","template":"","meta":{"_acf_changed":false,"inline_featured_image":false},"product_cat":[193],"product_tag":[],"class_list":{"0":"post-71306","1":"product","2":"type-product","3":"status-publish","4":"has-post-thumbnail","6":"product_cat-sets-en","8":"first","9":"instock","10":"sale","11":"taxable","12":"shipping-taxable","13":"purchasable","14":"product-type-simple"},"acf":[],"yoast_head":"<!-- This site is optimized with the Yoast SEO plugin v24.2 - https:\/\/yoast.com\/wordpress\/plugins\/seo\/ -->\n<title>BioBloom - CBD oil, hemp oil, hemp tea in a starter box<\/title>\n<meta name=\"description\" content=\"Our BioBloom starter pack contains everything you need for your well-being. Our proven CBD drops, hemp flower tea and hemp oil. Naturally without additives.\" \/>\n<meta name=\"robots\" content=\"index, follow, max-snippet:-1, max-image-preview:large, max-video-preview:-1\" \/>\n<link rel=\"canonical\" href=\"https:\/\/biobloom.sk\/en\/produkt\/biobloom-starterpaket\/\" \/>\n<meta property=\"og:locale\" content=\"en_US\" \/>\n<meta property=\"og:type\" content=\"article\" \/>\n<meta property=\"og:title\" content=\"BioBloom - CBD oil, hemp oil, hemp tea in a starter box\" \/>\n<meta property=\"og:description\" content=\"Our BioBloom starter pack contains everything you need for your well-being. Our proven CBD drops, hemp flower tea and hemp oil. Naturally without additives.\" \/>\n<meta property=\"og:url\" content=\"https:\/\/biobloom.sk\/en\/produkt\/biobloom-starterpaket\/\" \/>\n<meta property=\"og:site_name\" content=\"BioBloom\" \/>\n<meta property=\"article:publisher\" content=\"https:\/\/www.facebook.com\/biobloomhemp\" \/>\n<meta property=\"article:modified_time\" content=\"2023-05-02T10:09:18+00:00\" \/>\n<meta property=\"og:image\" content=\"https:\/\/biobloom.sk\/wp-content\/uploads\/2018\/06\/Starterpaket_Webshop_625x1000px.jpg\" \/>\n\t<meta property=\"og:image:width\" content=\"625\" \/>\n\t<meta property=\"og:image:height\" content=\"1000\" \/>\n\t<meta property=\"og:image:type\" content=\"image\/jpeg\" \/>\n<meta name=\"twitter:card\" content=\"summary_large_image\" \/>\n<meta name=\"twitter:label1\" content=\"Est. reading time\" \/>\n\t<meta name=\"twitter:data1\" content=\"1 minute\" \/>\n<script type=\"application\/ld+json\" class=\"yoast-schema-graph\">{\"@context\":\"https:\/\/schema.org\",\"@graph\":[{\"@type\":\"WebPage\",\"@id\":\"https:\/\/biobloom.sk\/en\/produkt\/biobloom-starterpaket\/\",\"url\":\"https:\/\/biobloom.sk\/en\/produkt\/biobloom-starterpaket\/\",\"name\":\"BioBloom - CBD oil, hemp oil, hemp tea in a starter box\",\"isPartOf\":{\"@id\":\"https:\/\/biobloom.sk\/en\/#website\"},\"primaryImageOfPage\":{\"@id\":\"https:\/\/biobloom.sk\/en\/produkt\/biobloom-starterpaket\/#primaryimage\"},\"image\":{\"@id\":\"https:\/\/biobloom.sk\/en\/produkt\/biobloom-starterpaket\/#primaryimage\"},\"thumbnailUrl\":\"https:\/\/biobloom.sk\/wp-content\/uploads\/2018\/06\/Starterpaket_Webshop_625x1000px.jpg\",\"datePublished\":\"2017-11-06T07:43:36+00:00\",\"dateModified\":\"2023-05-02T10:09:18+00:00\",\"description\":\"Our BioBloom starter pack contains everything you need for your well-being. Our proven CBD drops, hemp flower tea and hemp oil. Naturally without additives.\",\"breadcrumb\":{\"@id\":\"https:\/\/biobloom.sk\/en\/produkt\/biobloom-starterpaket\/#breadcrumb\"},\"inLanguage\":\"en-US\",\"potentialAction\":[{\"@type\":\"ReadAction\",\"target\":[\"https:\/\/biobloom.sk\/en\/produkt\/biobloom-starterpaket\/\"]}]},{\"@type\":\"ImageObject\",\"inLanguage\":\"en-US\",\"@id\":\"https:\/\/biobloom.sk\/en\/produkt\/biobloom-starterpaket\/#primaryimage\",\"url\":\"https:\/\/biobloom.sk\/wp-content\/uploads\/2018\/06\/Starterpaket_Webshop_625x1000px.jpg\",\"contentUrl\":\"https:\/\/biobloom.sk\/wp-content\/uploads\/2018\/06\/Starterpaket_Webshop_625x1000px.jpg\",\"width\":625,\"height\":1000,\"caption\":\"BioBloom Starterpaket CBD \u00d6l, Hanf\u00f6l. Hanfbl\u00fctentee\"},{\"@type\":\"BreadcrumbList\",\"@id\":\"https:\/\/biobloom.sk\/en\/produkt\/biobloom-starterpaket\/#breadcrumb\",\"itemListElement\":[{\"@type\":\"ListItem\",\"position\":1,\"name\":\"BioBloom\",\"item\":\"https:\/\/biobloom.sk\/en\/\"},{\"@type\":\"ListItem\",\"position\":2,\"name\":\"Eshop\",\"item\":\"https:\/\/biobloom.sk\/eshop\/\"},{\"@type\":\"ListItem\",\"position\":3,\"name\":\"Sets\",\"item\":\"https:\/\/biobloom.sk\/en\/produktove-kategorie\/sets-en\/\"},{\"@type\":\"ListItem\",\"position\":4,\"name\":\"BioBloom Starter Package\"}]},{\"@type\":\"WebSite\",\"@id\":\"https:\/\/biobloom.sk\/en\/#website\",\"url\":\"https:\/\/biobloom.sk\/en\/\",\"name\":\"BioBloom\",\"description\":\"100% kvalita\",\"potentialAction\":[{\"@type\":\"SearchAction\",\"target\":{\"@type\":\"EntryPoint\",\"urlTemplate\":\"https:\/\/biobloom.sk\/en\/?s={search_term_string}\"},\"query-input\":{\"@type\":\"PropertyValueSpecification\",\"valueRequired\":true,\"valueName\":\"search_term_string\"}}],\"inLanguage\":\"en-US\"}]}<\/script>\n<!-- \/ Yoast SEO plugin. -->","yoast_head_json":{"title":"BioBloom - CBD oil, hemp oil, hemp tea in a starter box","description":"Our BioBloom starter pack contains everything you need for your well-being. Our proven CBD drops, hemp flower tea and hemp oil. Naturally without additives.","robots":{"index":"index","follow":"follow","max-snippet":"max-snippet:-1","max-image-preview":"max-image-preview:large","max-video-preview":"max-video-preview:-1"},"canonical":"https:\/\/biobloom.sk\/en\/produkt\/biobloom-starterpaket\/","og_locale":"en_US","og_type":"article","og_title":"BioBloom - CBD oil, hemp oil, hemp tea in a starter box","og_description":"Our BioBloom starter pack contains everything you need for your well-being. Our proven CBD drops, hemp flower tea and hemp oil. Naturally without additives.","og_url":"https:\/\/biobloom.sk\/en\/produkt\/biobloom-starterpaket\/","og_site_name":"BioBloom","article_publisher":"https:\/\/www.facebook.com\/biobloomhemp","article_modified_time":"2023-05-02T10:09:18+00:00","og_image":[{"width":625,"height":1000,"url":"https:\/\/biobloom.sk\/wp-content\/uploads\/2018\/06\/Starterpaket_Webshop_625x1000px.jpg","type":"image\/jpeg"}],"twitter_card":"summary_large_image","twitter_misc":{"Est. reading time":"1 minute"},"schema":{"@context":"https:\/\/schema.org","@graph":[{"@type":"WebPage","@id":"https:\/\/biobloom.sk\/en\/produkt\/biobloom-starterpaket\/","url":"https:\/\/biobloom.sk\/en\/produkt\/biobloom-starterpaket\/","name":"BioBloom - CBD oil, hemp oil, hemp tea in a starter box","isPartOf":{"@id":"https:\/\/biobloom.sk\/en\/#website"},"primaryImageOfPage":{"@id":"https:\/\/biobloom.sk\/en\/produkt\/biobloom-starterpaket\/#primaryimage"},"image":{"@id":"https:\/\/biobloom.sk\/en\/produkt\/biobloom-starterpaket\/#primaryimage"},"thumbnailUrl":"https:\/\/biobloom.sk\/wp-content\/uploads\/2018\/06\/Starterpaket_Webshop_625x1000px.jpg","datePublished":"2017-11-06T07:43:36+00:00","dateModified":"2023-05-02T10:09:18+00:00","description":"Our BioBloom starter pack contains everything you need for your well-being. Our proven CBD drops, hemp flower tea and hemp oil. Naturally without additives.","breadcrumb":{"@id":"https:\/\/biobloom.sk\/en\/produkt\/biobloom-starterpaket\/#breadcrumb"},"inLanguage":"en-US","potentialAction":[{"@type":"ReadAction","target":["https:\/\/biobloom.sk\/en\/produkt\/biobloom-starterpaket\/"]}]},{"@type":"ImageObject","inLanguage":"en-US","@id":"https:\/\/biobloom.sk\/en\/produkt\/biobloom-starterpaket\/#primaryimage","url":"https:\/\/biobloom.sk\/wp-content\/uploads\/2018\/06\/Starterpaket_Webshop_625x1000px.jpg","contentUrl":"https:\/\/biobloom.sk\/wp-content\/uploads\/2018\/06\/Starterpaket_Webshop_625x1000px.jpg","width":625,"height":1000,"caption":"BioBloom Starterpaket CBD \u00d6l, Hanf\u00f6l. Hanfbl\u00fctentee"},{"@type":"BreadcrumbList","@id":"https:\/\/biobloom.sk\/en\/produkt\/biobloom-starterpaket\/#breadcrumb","itemListElement":[{"@type":"ListItem","position":1,"name":"BioBloom","item":"https:\/\/biobloom.sk\/en\/"},{"@type":"ListItem","position":2,"name":"Eshop","item":"https:\/\/biobloom.sk\/eshop\/"},{"@type":"ListItem","position":3,"name":"Sets","item":"https:\/\/biobloom.sk\/en\/produktove-kategorie\/sets-en\/"},{"@type":"ListItem","position":4,"name":"BioBloom Starter Package"}]},{"@type":"WebSite","@id":"https:\/\/biobloom.sk\/en\/#website","url":"https:\/\/biobloom.sk\/en\/","name":"BioBloom","description":"100% kvalita","potentialAction":[{"@type":"SearchAction","target":{"@type":"EntryPoint","urlTemplate":"https:\/\/biobloom.sk\/en\/?s={search_term_string}"},"query-input":{"@type":"PropertyValueSpecification","valueRequired":true,"valueName":"search_term_string"}}],"inLanguage":"en-US"}]}},"_links":{"self":[{"href":"https:\/\/biobloom.sk\/en\/wp-json\/wp\/v2\/product\/71306","targetHints":{"allow":["GET"]}}],"collection":[{"href":"https:\/\/biobloom.sk\/en\/wp-json\/wp\/v2\/product"}],"about":[{"href":"https:\/\/biobloom.sk\/en\/wp-json\/wp\/v2\/types\/product"}],"replies":[{"embeddable":true,"href":"https:\/\/biobloom.sk\/en\/wp-json\/wp\/v2\/comments?post=71306"}],"wp:featuredmedia":[{"embeddable":true,"href":"https:\/\/biobloom.sk\/en\/wp-json\/wp\/v2\/media\/88233"}],"wp:attachment":[{"href":"https:\/\/biobloom.sk\/en\/wp-json\/wp\/v2\/media?parent=71306"}],"wp:term":[{"taxonomy":"product_cat","embeddable":true,"href":"https:\/\/biobloom.sk\/en\/wp-json\/wp\/v2\/product_cat?post=71306"},{"taxonomy":"product_tag","embeddable":true,"href":"https:\/\/biobloom.sk\/en\/wp-json\/wp\/v2\/product_tag?post=71306"}],"curies":[{"name":"wp","href":"https:\/\/api.w.org\/{rel}","templated":true}]}}