{"id":72497,"date":"2017-08-09T14:21:16","date_gmt":"2017-08-09T12:21:16","guid":{"rendered":"https:\/\/biobloom.sk\/faq\/"},"modified":"2021-09-16T14:32:18","modified_gmt":"2021-09-16T12:32:18","slug":"faq","status":"publish","type":"page","link":"https:\/\/biobloom.sk\/en\/faq\/","title":{"rendered":"FAQ"},"content":{"rendered":"<div class=\"wpb-content-wrapper\"><p>[vc_row][vc_column][vc_custom_heading text=&#8221;FAQ&#8221; font_container=&#8221;tag:h1|text_align:center|color:%233b3b39&#8243; use_theme_fonts=&#8221;yes&#8221;][\/vc_column][\/vc_row][vc_row full_width=&#8221;stretch_row&#8221; full_height=&#8221;yes&#8221;][vc_column][vc_single_image image=&#8221;87275&#8243; img_size=&#8221;full&#8221; alignment=&#8221;center&#8221; css_animation=&#8221;flipInX&#8221;][vc_row_inner][vc_column_inner width=&#8221;1\/6&#8243;][\/vc_column_inner][vc_column_inner width=&#8221;2\/3&#8243;][vc_custom_heading text=&#8221;ARE BIOBLOOM HEMP PRODUCTS LEGAL?&#8221; font_container=&#8221;tag:h3|text_align:left|color:%233b3b39&#8243; use_theme_fonts=&#8221;yes&#8221;][vc_column_text]Yes! Our BioBloom products are extracted exclusively from EU-certified commercial cannabis varieties. These commercial cannabis varieties are approved in the EU plant variety database and contain only minor traces of tetrahydrocannabinol (THC &lt;0.2%). They are therefore not subject to the Narcotics Act.[\/vc_column_text][\/vc_column_inner][vc_column_inner width=&#8221;1\/6&#8243;][\/vc_column_inner][\/vc_row_inner][vc_row_inner][vc_column_inner width=&#8221;1\/6&#8243;][\/vc_column_inner][vc_column_inner width=&#8221;2\/3&#8243;][vc_empty_space height=&#8221;40px&#8221;][vc_text_separator title=&#8221;Organic Hemp Flower Tea&#8221; color=&#8221;custom&#8221; border_width=&#8221;2&#8243; accent_color=&#8221;#e7edcb&#8221;][\/vc_column_inner][vc_column_inner width=&#8221;1\/6&#8243;][\/vc_column_inner][\/vc_row_inner][vc_row_inner][vc_column_inner width=&#8221;1\/6&#8243;][\/vc_column_inner][vc_column_inner width=&#8221;2\/3&#8243;][vc_custom_heading text=&#8221;WHY DRINK BIOBLOOM HEMP FLOWER TEA?&#8221; font_container=&#8221;tag:h3|text_align:left|color:%233b3b39&#8243; use_theme_fonts=&#8221;yes&#8221;][vc_column_text]BioBloom Hemp Flower Tea is made from hemp flowers harvested and processed exclusively by hand from the certified organic BioBloom hemp fields. The main component of the tea is water-soluble cannabidiolic acid (CBDa) as well as valuable flavonoids and natural ingredients of the hemp plant. BioBloom Hemp Flower Tea contains no CBD or THC when infused in hot water because these ingredients are not water-soluble.<\/p>\n<p>We have carefully analyzed the infusion time to find exactly when the BioBloom Hemp Flower Tea unfolds its diverse effects. You can find out about the further positive effects the ingredients of our hemp flower tea under &#8220;<a href=\"https:\/\/biobloom.sk\/en\/hanfbluetentee\/\">Hemp Flower Tea<\/a>&#8221; in the &#8220;Products&#8221; menu.<\/p>\n<p>Depending on the infusion time, the tea has an activating and invigorating effect (5 minutes) or a calming and sleep-promoting effect (15 minutes).[\/vc_column_text][\/vc_column_inner][vc_column_inner width=&#8221;1\/6&#8243;][\/vc_column_inner][\/vc_row_inner][vc_row_inner][vc_column_inner width=&#8221;1\/6&#8243;][\/vc_column_inner][vc_column_inner width=&#8221;2\/3&#8243;][vc_custom_heading text=&#8221;HOW DO I PREPARE THE TEA PROPERLY?&#8221; font_container=&#8221;tag:h3|text_align:left|color:%233b3b39&#8243; use_theme_fonts=&#8221;yes&#8221;][vc_column_text]Place 2 teaspoons of loose tea or a teabag in a cup. Pour in 200 ml of boiling water. Let steep depending on the desired effect:<\/p>\n<p>Option 1:<br \/>\nFor calming and sleep-promoting effects: Let steep for 15 minutes<\/p>\n<p>Option 2:<br \/>\nFor invigorating and vitalizing effects: Let steep for 5 minutes<\/p>\n<p>The longer you let it steep, the higher the cannabinoid content or the calming effect.[\/vc_column_text][\/vc_column_inner][vc_column_inner width=&#8221;1\/6&#8243;][\/vc_column_inner][\/vc_row_inner][vc_row_inner][vc_column_inner width=&#8221;1\/6&#8243;][\/vc_column_inner][vc_column_inner width=&#8221;2\/3&#8243;][vc_custom_heading text=&#8221;WHERE IS THE TEA AVAILABLE?&#8221; font_container=&#8221;tag:h3|text_align:left|color:%233b3b39&#8243; use_theme_fonts=&#8221;yes&#8221;][vc_column_text]BioBloom Hemp Flower Tea is available without a prescription in pharmacies, health food stores, numerous shops and in the BioBloom <a href=\"\/en\/produkt\/hempflower_teabox\/\">Onlineshop<\/a>. If the tea is not available in your pharmacy, your pharmacist can order it using the PZN number (box of tea bags: 4584920, bag of tea: 4584937, glass jar: 4584943).[\/vc_column_text][\/vc_column_inner][vc_column_inner width=&#8221;1\/6&#8243;][\/vc_column_inner][\/vc_row_inner][vc_row_inner][vc_column_inner width=&#8221;1\/6&#8243;][\/vc_column_inner][vc_column_inner width=&#8221;2\/3&#8243;][vc_custom_heading text=&#8221;IS BIOBLOOM HEMP FLOWER TEA SUITABLE FOR ALL AGES?&#8221; font_container=&#8221;tag:h3|text_align:left|color:%233b3b39&#8243; use_theme_fonts=&#8221;yes&#8221;][vc_column_text]The organic hemp flower tea does not contain any psychoactive substances (free of THC) when steeped in hot water. Thus, it has no psychoactive effect and is not addictive. Nevertheless, we recommend the tea for adults.[\/vc_column_text][\/vc_column_inner][vc_column_inner width=&#8221;1\/6&#8243;][\/vc_column_inner][\/vc_row_inner][vc_row_inner disable_element=&#8221;yes&#8221;][vc_column_inner width=&#8221;1\/6&#8243;][\/vc_column_inner][vc_column_inner width=&#8221;2\/3&#8243;][vc_custom_heading text=&#8221;Was ist der Unterschied zwischen Hanftee und Hanfbl\u00fctentee?&#8221; font_container=&#8221;tag:h3|text_align:left|color:%233b3b39&#8243; use_theme_fonts=&#8221;yes&#8221;][vc_column_text]Hanftees bestehen meist aus einem gro\u00dfen Anteil an Hanfbl\u00e4ttern. Die gesundheitsf\u00f6rdernden Inhaltsstoffe der Hanfpflanze befinden sich in ihrer konzentriertesten Form in der Hanfbl\u00fcte. (Cannabinoide, Flavonoide, Terpene, etc.) Deshalb befinden sich in unseren Tees ausschlie\u00dflich 100% reine &amp; handverarbeitete Bio Hanfbl\u00fcten. Durch zahlreiche Analysen konnten wir die verschiedensten Inhaltsstoffe in unseren Tee feststellen.[\/vc_column_text][\/vc_column_inner][vc_column_inner width=&#8221;1\/6&#8243;][\/vc_column_inner][\/vc_row_inner][vc_row_inner][vc_column_inner width=&#8221;1\/6&#8243;][\/vc_column_inner][vc_column_inner width=&#8221;2\/3&#8243;][vc_empty_space height=&#8221;40px&#8221;][vc_text_separator title=&#8221;Organic CBD Hemp Extracts&#8221; color=&#8221;custom&#8221; border_width=&#8221;2&#8243; accent_color=&#8221;#e7edcb&#8221;][\/vc_column_inner][vc_column_inner width=&#8221;1\/6&#8243;][\/vc_column_inner][\/vc_row_inner][vc_row_inner][vc_column_inner width=&#8221;1\/6&#8243;][\/vc_column_inner][vc_column_inner width=&#8221;2\/3&#8243;][vc_custom_heading text=&#8221;WHY DO BIOBLOOM HEMP EXTRACTS HAVE SUCH AN INSTENSE FLAVOR?&#8221; font_container=&#8221;tag:h3|text_align:left|color:%233b3b39&#8243; use_theme_fonts=&#8221;yes&#8221;][vc_column_text]Our organic CBD hemp extracts are 100% pure natural extracts with the natural full spectrum of the hemp plant. We do not add any additives or aromatic flavor enhancers. That is why the organic CBD hemp extracts have a very intense, often bitter flavor (the higher the CBD \/ CBDa content, the darker the look of the extract and the more intense the flavor). For us, the natural flavor is clear proof of a 100% natural product without any additives.[\/vc_column_text][\/vc_column_inner][vc_column_inner width=&#8221;1\/6&#8243;][\/vc_column_inner][\/vc_row_inner][vc_row_inner][vc_column_inner width=&#8221;1\/6&#8243;][\/vc_column_inner][vc_column_inner width=&#8221;2\/3&#8243;][vc_empty_space height=&#8221;40px&#8221;][vc_text_separator title=&#8221;Organic Hemp Oil&#8221; color=&#8221;custom&#8221; border_width=&#8221;2&#8243; accent_color=&#8221;#e7edcb&#8221;][\/vc_column_inner][vc_column_inner width=&#8221;1\/6&#8243;][\/vc_column_inner][\/vc_row_inner][vc_row_inner][vc_column_inner width=&#8221;1\/6&#8243;][\/vc_column_inner][vc_column_inner width=&#8221;2\/3&#8243;][vc_custom_heading text=&#8221;HOW SHOULD I USE BIOBLOOM ORGANIC HEMP OIL? CAN I COOK WITH IT?&#8221; font_container=&#8221;tag:h3|text_align:left|color:%233b3b39&#8243; use_theme_fonts=&#8221;yes&#8221;][vc_column_text]BioBloom Hemp Oil is extracted from shelled organic hemp seeds and is well suited for both warm and cold dishes. Thanks to its good ratio of natural ingredients, hemp oil is one of the healthiest oils. Our hemp oil has a nutty flavor and is particularly suitable for spreads, salads, soups and sauces. Hemp oil should not be heated to high temperatures and is thus not suitable for cooking.[\/vc_column_text][\/vc_column_inner][vc_column_inner width=&#8221;1\/6&#8243;][\/vc_column_inner][\/vc_row_inner][vc_row_inner][vc_column_inner width=&#8221;1\/6&#8243;][\/vc_column_inner][vc_column_inner width=&#8221;2\/3&#8243;][vc_empty_space height=&#8221;40px&#8221;][vc_text_separator title=&#8221;Organic Skin Care &#8220;Into the Wild&#8220;&#8221; color=&#8221;custom&#8221; border_width=&#8221;2&#8243; accent_color=&#8221;#e7edcb&#8221;][\/vc_column_inner][vc_column_inner width=&#8221;1\/6&#8243;][\/vc_column_inner][\/vc_row_inner][vc_row_inner][vc_column_inner width=&#8221;1\/6&#8243;][\/vc_column_inner][vc_column_inner width=&#8221;2\/3&#8243;][vc_custom_heading text=&#8221;IS THE COSMETIC SERIES OFFICIALLY CERTIFIED AS ORGANIC NATURAL COSMETICS?&#8221; font_container=&#8221;tag:h3|text_align:left|color:%233b3b39&#8243; use_theme_fonts=&#8221;yes&#8221;][vc_column_text]Yes! Our &#8220;Into the Wild&#8221; skincare products bear the Austria Bio Garantie logo, the official approval agency that is also responsible for the registration of organic foods.[\/vc_column_text][\/vc_column_inner][vc_column_inner width=&#8221;1\/6&#8243;][\/vc_column_inner][\/vc_row_inner][vc_row_inner][vc_column_inner width=&#8221;1\/6&#8243;][\/vc_column_inner][vc_column_inner width=&#8221;2\/3&#8243;][vc_custom_heading text=&#8221;WHAT MAKES THE &#8220;INTO THE WILD&#8220; SKINCARE PRODUCTS SO SPECIAL?&#8221; font_container=&#8221;tag:h3|text_align:left|color:%233b3b39&#8243; use_theme_fonts=&#8221;yes&#8221;][vc_column_text]Our cosmetic products contain only natural plant-based active ingredients (including hemp plant, aloe vera, calendula, chamomile etc.). In addition, the skincare products are BIO AUSTRIA and GMP certified, vegan and cruelty, palm-oil and allergen free.[\/vc_column_text][\/vc_column_inner][vc_column_inner width=&#8221;1\/6&#8243;][\/vc_column_inner][\/vc_row_inner][vc_row_inner][vc_column_inner width=&#8221;1\/6&#8243;][\/vc_column_inner][vc_column_inner width=&#8221;2\/3&#8243;][vc_custom_heading text=&#8221;WHY DO THE &#8220;INTO THE WILD&#8220; SKINCARE PRODUCTS EXPIRE MORE QUICKLY THAN OTHER COSMETIC PRODUCTS?&#8221; font_container=&#8221;tag:h3|text_align:left|color:%233b3b39&#8243; use_theme_fonts=&#8221;yes&#8221;][vc_column_text]We do not use any artificial preservatives in our 100% natural cosmetic products, which is why the shelf life is shorter than conventional cosmetic products.[\/vc_column_text][\/vc_column_inner][vc_column_inner width=&#8221;1\/6&#8243;][\/vc_column_inner][\/vc_row_inner][vc_row_inner][vc_column_inner width=&#8221;1\/6&#8243;][\/vc_column_inner][vc_column_inner width=&#8221;2\/3&#8243;][vc_empty_space height=&#8221;40px&#8221;][vc_text_separator title=&#8221;BioBloom Hemp Supplements&#8221; color=&#8221;custom&#8221; border_width=&#8221;2&#8243; accent_color=&#8221;#e7edcb&#8221;][\/vc_column_inner][vc_column_inner width=&#8221;1\/6&#8243;][\/vc_column_inner][\/vc_row_inner][vc_row_inner][vc_column_inner width=&#8221;1\/6&#8243;][\/vc_column_inner][vc_column_inner width=&#8221;2\/3&#8243;][vc_custom_heading text=&#8221;WHEN SHOULD I TAKE HEMP SUPPLEMENTS?&#8221; font_container=&#8221;tag:h3|text_align:left|color:%233b3b39&#8243; use_theme_fonts=&#8221;yes&#8221;][vc_column_text]We recommend taking the following supplements at the following times:<\/p>\n<p><strong>Vitamin B Complex:<\/strong><strong>\u00a0<\/strong>The capsule is best taken in the morning with breakfast to ensure the best bioavailability and to support your energy level.<\/p>\n<p><strong>Vitamin D3 + K2 Drops:<\/strong>\u00a0For the best bioavailability, take the drops with fatty meals preferably before early afternoon. We recommend taking the drops with or after lunch.<\/p>\n<p><strong>Magnesium Complex:<\/strong>\u00a0The capsules can be taken as needed (e.g. after exercising). Magnesium also helps you fall asleep easily, so it is recommended to take it in the evening. Does not need to be taken with food.<\/p>\n<p><strong>Sleeping Capsules:<\/strong> Take one capsule before going to bed in addition to a cup of BioBloom Hemp Flower Tea (steep for 15 minutes and drink 1 hour before going to bed).[\/vc_column_text][\/vc_column_inner][vc_column_inner width=&#8221;1\/6&#8243;][\/vc_column_inner][\/vc_row_inner][\/vc_column][\/vc_row][vc_row][vc_column][vc_column_text]<\/p>\n<p style=\"text-align: center;\">More information is available in our <a href=\"\/blog\" target=\"_blank\" rel=\"noopener noreferrer\">blog<\/a> under <a href=\"https:\/\/biobloom.sk\/en\/info\/\">INFO<\/a>.<\/p>\n<p>[\/vc_column_text][\/vc_column][\/vc_row]<\/p>\n<\/div>","protected":false},"excerpt":{"rendered":"<p>[vc_row][vc_column][vc_custom_heading text=&#8221;FAQ&#8221; font_container=&#8221;tag:h1|text_align:center|color:%233b3b39&#8243; use_theme_fonts=&#8221;yes&#8221;][\/vc_column][\/vc_row][vc_row full_width=&#8221;stretch_row&#8221; full_height=&#8221;yes&#8221;][vc_column][vc_single_image image=&#8221;87275&#8243; img_size=&#8221;full&#8221; alignment=&#8221;center&#8221; css_animation=&#8221;flipInX&#8221;][vc_row_inner][vc_column_inner width=&#8221;1\/6&#8243;][\/vc_column_inner][vc_column_inner width=&#8221;2\/3&#8243;][vc_custom_heading text=&#8221;ARE BIOBLOOM HEMP PRODUCTS LEGAL?&#8221; font_container=&#8221;tag:h3|text_align:left|color:%233b3b39&#8243; use_theme_fonts=&#8221;yes&#8221;][vc_column_text]Yes! Our BioBloom products are extracted exclusively from EU-certified commercial cannabis varieties. These commercial cannabis varieties are approved in the EU plant variety database and contain only minor traces of tetrahydrocannabinol (THC &lt;0.2%). They are therefore not subject to the Narcotics Act.[\/vc_column_text][\/vc_column_inner][vc_column_inner<\/p>\n<p><a class=\"more-link\" href=\"https:\/\/biobloom.sk\/en\/faq\/\">Read More<\/a><\/p>\n","protected":false},"author":1,"featured_media":0,"parent":0,"menu_order":0,"comment_status":"closed","ping_status":"closed","template":"","meta":{"_acf_changed":false,"inline_featured_image":false,"footnotes":""},"class_list":["post-72497","page","type-page","status-publish","hentry"],"acf":[],"yoast_head":"<!-- This site is optimized with the Yoast SEO plugin v24.2 - https:\/\/yoast.com\/wordpress\/plugins\/seo\/ -->\n<title>FAQ - BioBloom<\/title>\n<meta name=\"robots\" content=\"index, follow, max-snippet:-1, max-image-preview:large, max-video-preview:-1\" \/>\n<link rel=\"canonical\" href=\"https:\/\/biobloom.sk\/en\/faq\/\" \/>\n<meta property=\"og:locale\" content=\"en_US\" \/>\n<meta property=\"og:type\" content=\"article\" \/>\n<meta property=\"og:title\" content=\"FAQ - BioBloom\" \/>\n<meta property=\"og:description\" content=\"[vc_row][vc_column][vc_custom_heading text=&#8221;FAQ&#8221; font_container=&#8221;tag:h1|text_align:center|color:%233b3b39&#8243; use_theme_fonts=&#8221;yes&#8221;][\/vc_column][\/vc_row][vc_row full_width=&#8221;stretch_row&#8221; full_height=&#8221;yes&#8221;][vc_column][vc_single_image image=&#8221;87275&#8243; img_size=&#8221;full&#8221; alignment=&#8221;center&#8221; css_animation=&#8221;flipInX&#8221;][vc_row_inner][vc_column_inner width=&#8221;1\/6&#8243;][\/vc_column_inner][vc_column_inner width=&#8221;2\/3&#8243;][vc_custom_heading text=&#8221;ARE BIOBLOOM HEMP PRODUCTS LEGAL?&#8221; font_container=&#8221;tag:h3|text_align:left|color:%233b3b39&#8243; use_theme_fonts=&#8221;yes&#8221;][vc_column_text]Yes! Our BioBloom products are extracted exclusively from EU-certified commercial cannabis varieties. These commercial cannabis varieties are approved in the EU plant variety database and contain only minor traces of tetrahydrocannabinol (THC &lt;0.2%). They are therefore not subject to the Narcotics Act.[\/vc_column_text][\/vc_column_inner][vc_column_innerRead More\" \/>\n<meta property=\"og:url\" content=\"https:\/\/biobloom.sk\/en\/faq\/\" \/>\n<meta property=\"og:site_name\" content=\"BioBloom\" \/>\n<meta property=\"article:publisher\" content=\"https:\/\/www.facebook.com\/biobloomhemp\" \/>\n<meta property=\"article:modified_time\" content=\"2021-09-16T12:32:18+00:00\" \/>\n<meta name=\"twitter:card\" content=\"summary_large_image\" \/>\n<meta name=\"twitter:label1\" content=\"Est. reading time\" \/>\n\t<meta name=\"twitter:data1\" content=\"5 minutes\" \/>\n<script type=\"application\/ld+json\" class=\"yoast-schema-graph\">{\"@context\":\"https:\/\/schema.org\",\"@graph\":[{\"@type\":\"WebPage\",\"@id\":\"https:\/\/biobloom.sk\/en\/faq\/\",\"url\":\"https:\/\/biobloom.sk\/en\/faq\/\",\"name\":\"FAQ - BioBloom\",\"isPartOf\":{\"@id\":\"https:\/\/biobloom.sk\/en\/#website\"},\"datePublished\":\"2017-08-09T12:21:16+00:00\",\"dateModified\":\"2021-09-16T12:32:18+00:00\",\"breadcrumb\":{\"@id\":\"https:\/\/biobloom.sk\/en\/faq\/#breadcrumb\"},\"inLanguage\":\"en-US\",\"potentialAction\":[{\"@type\":\"ReadAction\",\"target\":[\"https:\/\/biobloom.sk\/en\/faq\/\"]}]},{\"@type\":\"BreadcrumbList\",\"@id\":\"https:\/\/biobloom.sk\/en\/faq\/#breadcrumb\",\"itemListElement\":[{\"@type\":\"ListItem\",\"position\":1,\"name\":\"BioBloom\",\"item\":\"https:\/\/biobloom.sk\/en\/\"},{\"@type\":\"ListItem\",\"position\":2,\"name\":\"FAQ\"}]},{\"@type\":\"WebSite\",\"@id\":\"https:\/\/biobloom.sk\/en\/#website\",\"url\":\"https:\/\/biobloom.sk\/en\/\",\"name\":\"BioBloom\",\"description\":\"100% kvalita\",\"potentialAction\":[{\"@type\":\"SearchAction\",\"target\":{\"@type\":\"EntryPoint\",\"urlTemplate\":\"https:\/\/biobloom.sk\/en\/?s={search_term_string}\"},\"query-input\":{\"@type\":\"PropertyValueSpecification\",\"valueRequired\":true,\"valueName\":\"search_term_string\"}}],\"inLanguage\":\"en-US\"}]}<\/script>\n<!-- \/ Yoast SEO plugin. -->","yoast_head_json":{"title":"FAQ - BioBloom","robots":{"index":"index","follow":"follow","max-snippet":"max-snippet:-1","max-image-preview":"max-image-preview:large","max-video-preview":"max-video-preview:-1"},"canonical":"https:\/\/biobloom.sk\/en\/faq\/","og_locale":"en_US","og_type":"article","og_title":"FAQ - BioBloom","og_description":"[vc_row][vc_column][vc_custom_heading text=&#8221;FAQ&#8221; font_container=&#8221;tag:h1|text_align:center|color:%233b3b39&#8243; use_theme_fonts=&#8221;yes&#8221;][\/vc_column][\/vc_row][vc_row full_width=&#8221;stretch_row&#8221; full_height=&#8221;yes&#8221;][vc_column][vc_single_image image=&#8221;87275&#8243; img_size=&#8221;full&#8221; alignment=&#8221;center&#8221; css_animation=&#8221;flipInX&#8221;][vc_row_inner][vc_column_inner width=&#8221;1\/6&#8243;][\/vc_column_inner][vc_column_inner width=&#8221;2\/3&#8243;][vc_custom_heading text=&#8221;ARE BIOBLOOM HEMP PRODUCTS LEGAL?&#8221; font_container=&#8221;tag:h3|text_align:left|color:%233b3b39&#8243; use_theme_fonts=&#8221;yes&#8221;][vc_column_text]Yes! Our BioBloom products are extracted exclusively from EU-certified commercial cannabis varieties. These commercial cannabis varieties are approved in the EU plant variety database and contain only minor traces of tetrahydrocannabinol (THC &lt;0.2%). They are therefore not subject to the Narcotics Act.[\/vc_column_text][\/vc_column_inner][vc_column_innerRead More","og_url":"https:\/\/biobloom.sk\/en\/faq\/","og_site_name":"BioBloom","article_publisher":"https:\/\/www.facebook.com\/biobloomhemp","article_modified_time":"2021-09-16T12:32:18+00:00","twitter_card":"summary_large_image","twitter_misc":{"Est. reading time":"5 minutes"},"schema":{"@context":"https:\/\/schema.org","@graph":[{"@type":"WebPage","@id":"https:\/\/biobloom.sk\/en\/faq\/","url":"https:\/\/biobloom.sk\/en\/faq\/","name":"FAQ - BioBloom","isPartOf":{"@id":"https:\/\/biobloom.sk\/en\/#website"},"datePublished":"2017-08-09T12:21:16+00:00","dateModified":"2021-09-16T12:32:18+00:00","breadcrumb":{"@id":"https:\/\/biobloom.sk\/en\/faq\/#breadcrumb"},"inLanguage":"en-US","potentialAction":[{"@type":"ReadAction","target":["https:\/\/biobloom.sk\/en\/faq\/"]}]},{"@type":"BreadcrumbList","@id":"https:\/\/biobloom.sk\/en\/faq\/#breadcrumb","itemListElement":[{"@type":"ListItem","position":1,"name":"BioBloom","item":"https:\/\/biobloom.sk\/en\/"},{"@type":"ListItem","position":2,"name":"FAQ"}]},{"@type":"WebSite","@id":"https:\/\/biobloom.sk\/en\/#website","url":"https:\/\/biobloom.sk\/en\/","name":"BioBloom","description":"100% kvalita","potentialAction":[{"@type":"SearchAction","target":{"@type":"EntryPoint","urlTemplate":"https:\/\/biobloom.sk\/en\/?s={search_term_string}"},"query-input":{"@type":"PropertyValueSpecification","valueRequired":true,"valueName":"search_term_string"}}],"inLanguage":"en-US"}]}},"_links":{"self":[{"href":"https:\/\/biobloom.sk\/en\/wp-json\/wp\/v2\/pages\/72497","targetHints":{"allow":["GET"]}}],"collection":[{"href":"https:\/\/biobloom.sk\/en\/wp-json\/wp\/v2\/pages"}],"about":[{"href":"https:\/\/biobloom.sk\/en\/wp-json\/wp\/v2\/types\/page"}],"author":[{"embeddable":true,"href":"https:\/\/biobloom.sk\/en\/wp-json\/wp\/v2\/users\/1"}],"replies":[{"embeddable":true,"href":"https:\/\/biobloom.sk\/en\/wp-json\/wp\/v2\/comments?post=72497"}],"version-history":[{"count":0,"href":"https:\/\/biobloom.sk\/en\/wp-json\/wp\/v2\/pages\/72497\/revisions"}],"wp:attachment":[{"href":"https:\/\/biobloom.sk\/en\/wp-json\/wp\/v2\/media?parent=72497"}],"curies":[{"name":"wp","href":"https:\/\/api.w.org\/{rel}","templated":true}]}}