{"id":89646,"date":"2020-10-28T14:41:30","date_gmt":"2020-10-28T13:41:30","guid":{"rendered":"https:\/\/biobloom.sk\/?page_id=89646"},"modified":"2021-09-20T13:27:39","modified_gmt":"2021-09-20T11:27:39","slug":"widerrufsbelehrung","status":"publish","type":"page","link":"https:\/\/biobloom.sk\/de\/widerrufsbelehrung\/","title":{"rendered":"Widerrufsbelehrung"},"content":{"rendered":"<h1><strong>Widerrufsrecht<\/strong><\/h1>\n<p>Sie haben das Recht, binnen vierzehn Tagen ohne Angabe von Gr\u00fcnden diesen Vertrag zu widerrufen.<\/p>\n<p>Die Widerrufsfrist betr\u00e4gt vierzehn Tage ab dem Tag, an dem Sie oder ein von Ihnen benannter Dritter, der nicht der Bef\u00f6rderer ist, die letzte Ware in Besitz genommen haben bzw. hat.<\/p>\n<p>Um Ihr Widerrufsrecht auszu\u00fcben, m\u00fcssen Sie uns (BioBloom GmbH, Frauenkirchnerstra\u00dfe 12, 7143 Apetlon, \u00d6sterreich, E-Mail: office@biobloom.sk, Tel: +43 664 88747710) mittels einer eindeutigen Erkl\u00e4rung (z.B. ein mit der Post versandter Brief, Telefax oder E-Mail) \u00fcber Ihren Entschluss, diesen Vertrag zu widerrufen, informieren. Sie k\u00f6nnen daf\u00fcr das beigef\u00fcgte <a href=\"https:\/\/biobloom.sk\/wp-content\/uploads\/2020\/10\/Widerrufsformular_BioBloom.pdf\">Muster-Widerrufsformular verwenden<\/a>, das jedoch nicht vorgeschrieben ist.<\/p>\n<p>Sie k\u00f6nnen das <a href=\"https:\/\/biobloom.sk\/wp-content\/uploads\/2020\/10\/Widerrufsformular_BioBloom.pdf\">Muster-Widerrufsformular<\/a> oder eine andere eindeutige Erkl\u00e4rung auf unserer Webseite <a href=\"https:\/\/biobloom.sk\/\">https:\/\/biobloom.sk\/<\/a> ausf\u00fcllen und per Email \u00fcbermitteln.<\/p>\n<p>Machen Sie von dieser M\u00f6glichkeit Gebrauch, so werden wir Ihnen unverz\u00fcglich (z.B. per E-Mail) eine Best\u00e4tigung \u00fcber den Eingang eines solchen Widerrufs \u00fcbermitteln.<\/p>\n<p>Zur Wahrung der Widerrufsfrist reicht es aus, dass Sie die Mitteilung \u00fcber die Aus\u00fcbung des Widerrufsrechts vor Ablauf der Widerrufsfrist absenden.<\/p>\n<p>Das Widerrufsrecht besteht nicht bei folgenden Vertr\u00e4gen:<\/p>\n<ul>\n<li>zur Lieferung versiegelter Waren, die aus Gr\u00fcnden des Gesundheitsschutzes oder der Hygiene nicht zur R\u00fcckgabe geeignet sind, wenn ihre Versiegelung nach der Lieferung entfernt wurde.<\/li>\n<\/ul>\n<h2><strong>Folgen des Widerrufs<\/strong><\/h2>\n<p>Wenn Sie diesen Vertrag widerrufen, haben wir Ihnen alle Zahlungen, die wir von Ihnen erhalten haben, einschlie\u00dflich der Lieferkosten (mit Ausnahme der zus\u00e4tzlichen Kosten, die sich daraus ergeben, dass Sie eine andere Art der Lieferung als die von uns angebotene, g\u00fcnstigste Standardlieferung gew\u00e4hlt haben), unverz\u00fcglich und sp\u00e4testens binnen vierzehn Tagen ab dem Tag zur\u00fcckzuzahlen, an dem die Mitteilung \u00fcber Ihren Widerruf dieses Vertrags bei uns eingegangen ist. F\u00fcr diese R\u00fcckzahlung verwenden wir dasselbe Zahlungsmittel, das Sie bei der urspr\u00fcnglichen Transaktion eingesetzt haben, es sei denn, mit Ihnen wurde ausdr\u00fccklich etwas anderes vereinbart; in keinem Fall werden Ihnen wegen dieser R\u00fcckzahlung Entgelte berechnet. Wir k\u00f6nnen die R\u00fcckzahlung verweigern, bis wir die Waren wieder zur\u00fcckerhalten haben oder bis Sie den Nachweis erbracht haben, dass Sie die Waren zur\u00fcckgesandt haben, je nachdem, welches der fr\u00fchere Zeitpunkt ist.<\/p>\n<p>Sie haben die Waren unverz\u00fcglich und in jedem Fall sp\u00e4testens binnen vierzehn Tagen ab dem Tag, an dem Sie uns \u00fcber den Widerruf dieses Vertrags unterrichten, an uns zur\u00fcckzusenden oder zu \u00fcbergeben. Die Frist ist gewahrt, wenn Sie die Waren vor Ablauf der Frist von vierzehn Tagen absenden. Sie tragen die unmittelbaren Kosten der R\u00fccksendung der Waren.<\/p>\n<p>Sie m\u00fcssen f\u00fcr einen etwaigen Wertverlust der Waren nur aufkommen, wenn dieser Wertverlust auf einen zur Pr\u00fcfung der Beschaffenheit, Eigenschaften und Funktionsweise der Waren nicht notwendigen Umgang mit ihnen zur\u00fcckzuf\u00fchren ist.<\/p>\n<p><a href=\"\/wp-content\/uploads\/2020\/10\/Widerrufsformular_BioBloom.pdf\" target=\"_blank\" rel=\"noopener noreferrer\"><strong>Widerrufsformular<\/strong><\/a><\/p>\n","protected":false},"excerpt":{"rendered":"<p>Widerrufsrecht Sie haben das Recht, binnen vierzehn Tagen ohne Angabe von Gr\u00fcnden diesen Vertrag zu widerrufen. Die Widerrufsfrist betr\u00e4gt vierzehn Tage ab dem Tag, an dem Sie oder ein von Ihnen benannter Dritter, der nicht der Bef\u00f6rderer ist, die letzte Ware in Besitz genommen haben bzw. hat. Um Ihr Widerrufsrecht auszu\u00fcben, m\u00fcssen Sie uns (BioBloom GmbH, Frauenkirchnerstra\u00dfe 12, 7143 Apetlon,<\/p>\n<p><a class=\"more-link\" href=\"https:\/\/biobloom.sk\/de\/widerrufsbelehrung\/\">Weiterlesen<\/a><\/p>\n","protected":false},"author":6776,"featured_media":0,"parent":0,"menu_order":0,"comment_status":"closed","ping_status":"closed","template":"","meta":{"_acf_changed":false,"inline_featured_image":false,"footnotes":""},"class_list":["post-89646","page","type-page","status-publish","hentry"],"acf":[],"yoast_head":"<!-- This site is optimized with the Yoast SEO plugin v24.2 - https:\/\/yoast.com\/wordpress\/plugins\/seo\/ -->\n<title>Widerrufsbelehrung - BioBloom<\/title>\n<meta name=\"description\" content=\"Wir freuen uns sehr \u00fcber Dein Interesse an unserem Unternehmen. Deine Rechte haben einen hohen Stellenwert f\u00fcr die Gesch\u00e4ftsleitung der BioBloom GmbH.\" \/>\n<meta name=\"robots\" content=\"index, follow, max-snippet:-1, max-image-preview:large, max-video-preview:-1\" \/>\n<link rel=\"canonical\" href=\"https:\/\/biobloom.sk\/de\/widerrufsbelehrung\/\" \/>\n<meta property=\"og:locale\" content=\"de_DE\" \/>\n<meta property=\"og:type\" content=\"article\" \/>\n<meta property=\"og:title\" content=\"Widerrufsbelehrung - BioBloom\" \/>\n<meta property=\"og:description\" content=\"Wir freuen uns sehr \u00fcber Dein Interesse an unserem Unternehmen. Deine Rechte haben einen hohen Stellenwert f\u00fcr die Gesch\u00e4ftsleitung der BioBloom GmbH.\" \/>\n<meta property=\"og:url\" content=\"https:\/\/biobloom.sk\/de\/widerrufsbelehrung\/\" \/>\n<meta property=\"og:site_name\" content=\"BioBloom\" \/>\n<meta property=\"article:publisher\" content=\"https:\/\/www.facebook.com\/biobloomhemp\" \/>\n<meta property=\"article:modified_time\" content=\"2021-09-20T11:27:39+00:00\" \/>\n<meta name=\"twitter:card\" content=\"summary_large_image\" \/>\n<meta name=\"twitter:label1\" content=\"Gesch\u00e4tzte Lesezeit\" \/>\n\t<meta name=\"twitter:data1\" content=\"2\u00a0Minuten\" \/>\n<script type=\"application\/ld+json\" class=\"yoast-schema-graph\">{\"@context\":\"https:\/\/schema.org\",\"@graph\":[{\"@type\":\"WebPage\",\"@id\":\"https:\/\/biobloom.sk\/de\/widerrufsbelehrung\/\",\"url\":\"https:\/\/biobloom.sk\/de\/widerrufsbelehrung\/\",\"name\":\"Widerrufsbelehrung - BioBloom\",\"isPartOf\":{\"@id\":\"https:\/\/biobloom.sk\/de\/#website\"},\"datePublished\":\"2020-10-28T13:41:30+00:00\",\"dateModified\":\"2021-09-20T11:27:39+00:00\",\"description\":\"Wir freuen uns sehr \u00fcber Dein Interesse an unserem Unternehmen. Deine Rechte haben einen hohen Stellenwert f\u00fcr die Gesch\u00e4ftsleitung der BioBloom GmbH.\",\"breadcrumb\":{\"@id\":\"https:\/\/biobloom.sk\/de\/widerrufsbelehrung\/#breadcrumb\"},\"inLanguage\":\"de\",\"potentialAction\":[{\"@type\":\"ReadAction\",\"target\":[\"https:\/\/biobloom.sk\/de\/widerrufsbelehrung\/\"]}]},{\"@type\":\"BreadcrumbList\",\"@id\":\"https:\/\/biobloom.sk\/de\/widerrufsbelehrung\/#breadcrumb\",\"itemListElement\":[{\"@type\":\"ListItem\",\"position\":1,\"name\":\"BioBloom\",\"item\":\"https:\/\/biobloom.sk\/de\/\"},{\"@type\":\"ListItem\",\"position\":2,\"name\":\"Widerrufsbelehrung\"}]},{\"@type\":\"WebSite\",\"@id\":\"https:\/\/biobloom.sk\/de\/#website\",\"url\":\"https:\/\/biobloom.sk\/de\/\",\"name\":\"BioBloom\",\"description\":\"100% Quality\",\"potentialAction\":[{\"@type\":\"SearchAction\",\"target\":{\"@type\":\"EntryPoint\",\"urlTemplate\":\"https:\/\/biobloom.sk\/de\/?s={search_term_string}\"},\"query-input\":{\"@type\":\"PropertyValueSpecification\",\"valueRequired\":true,\"valueName\":\"search_term_string\"}}],\"inLanguage\":\"de\"}]}<\/script>\n<!-- \/ Yoast SEO plugin. -->","yoast_head_json":{"title":"Widerrufsbelehrung - BioBloom","description":"Wir freuen uns sehr \u00fcber Dein Interesse an unserem Unternehmen. Deine Rechte haben einen hohen Stellenwert f\u00fcr die Gesch\u00e4ftsleitung der BioBloom GmbH.","robots":{"index":"index","follow":"follow","max-snippet":"max-snippet:-1","max-image-preview":"max-image-preview:large","max-video-preview":"max-video-preview:-1"},"canonical":"https:\/\/biobloom.sk\/de\/widerrufsbelehrung\/","og_locale":"de_DE","og_type":"article","og_title":"Widerrufsbelehrung - BioBloom","og_description":"Wir freuen uns sehr \u00fcber Dein Interesse an unserem Unternehmen. Deine Rechte haben einen hohen Stellenwert f\u00fcr die Gesch\u00e4ftsleitung der BioBloom GmbH.","og_url":"https:\/\/biobloom.sk\/de\/widerrufsbelehrung\/","og_site_name":"BioBloom","article_publisher":"https:\/\/www.facebook.com\/biobloomhemp","article_modified_time":"2021-09-20T11:27:39+00:00","twitter_card":"summary_large_image","twitter_misc":{"Gesch\u00e4tzte Lesezeit":"2\u00a0Minuten"},"schema":{"@context":"https:\/\/schema.org","@graph":[{"@type":"WebPage","@id":"https:\/\/biobloom.sk\/de\/widerrufsbelehrung\/","url":"https:\/\/biobloom.sk\/de\/widerrufsbelehrung\/","name":"Widerrufsbelehrung - BioBloom","isPartOf":{"@id":"https:\/\/biobloom.sk\/de\/#website"},"datePublished":"2020-10-28T13:41:30+00:00","dateModified":"2021-09-20T11:27:39+00:00","description":"Wir freuen uns sehr \u00fcber Dein Interesse an unserem Unternehmen. Deine Rechte haben einen hohen Stellenwert f\u00fcr die Gesch\u00e4ftsleitung der BioBloom GmbH.","breadcrumb":{"@id":"https:\/\/biobloom.sk\/de\/widerrufsbelehrung\/#breadcrumb"},"inLanguage":"de","potentialAction":[{"@type":"ReadAction","target":["https:\/\/biobloom.sk\/de\/widerrufsbelehrung\/"]}]},{"@type":"BreadcrumbList","@id":"https:\/\/biobloom.sk\/de\/widerrufsbelehrung\/#breadcrumb","itemListElement":[{"@type":"ListItem","position":1,"name":"BioBloom","item":"https:\/\/biobloom.sk\/de\/"},{"@type":"ListItem","position":2,"name":"Widerrufsbelehrung"}]},{"@type":"WebSite","@id":"https:\/\/biobloom.sk\/de\/#website","url":"https:\/\/biobloom.sk\/de\/","name":"BioBloom","description":"100% Quality","potentialAction":[{"@type":"SearchAction","target":{"@type":"EntryPoint","urlTemplate":"https:\/\/biobloom.sk\/de\/?s={search_term_string}"},"query-input":{"@type":"PropertyValueSpecification","valueRequired":true,"valueName":"search_term_string"}}],"inLanguage":"de"}]}},"_links":{"self":[{"href":"https:\/\/biobloom.sk\/de\/wp-json\/wp\/v2\/pages\/89646","targetHints":{"allow":["GET"]}}],"collection":[{"href":"https:\/\/biobloom.sk\/de\/wp-json\/wp\/v2\/pages"}],"about":[{"href":"https:\/\/biobloom.sk\/de\/wp-json\/wp\/v2\/types\/page"}],"author":[{"embeddable":true,"href":"https:\/\/biobloom.sk\/de\/wp-json\/wp\/v2\/users\/6776"}],"replies":[{"embeddable":true,"href":"https:\/\/biobloom.sk\/de\/wp-json\/wp\/v2\/comments?post=89646"}],"version-history":[{"count":0,"href":"https:\/\/biobloom.sk\/de\/wp-json\/wp\/v2\/pages\/89646\/revisions"}],"wp:attachment":[{"href":"https:\/\/biobloom.sk\/de\/wp-json\/wp\/v2\/media?parent=89646"}],"curies":[{"name":"wp","href":"https:\/\/api.w.org\/{rel}","templated":true}]}}