{"id":617,"date":"2017-04-13T13:35:48","date_gmt":"2017-04-13T11:35:48","guid":{"rendered":"https:\/\/biobloom.sk\/?page_id=617"},"modified":"2021-09-20T12:52:53","modified_gmt":"2021-09-20T10:52:53","slug":"agb","status":"publish","type":"page","link":"https:\/\/biobloom.sk\/de\/agb\/","title":{"rendered":"AGB"},"content":{"rendered":"<div class=\"wpb-content-wrapper\"><p>[vc_row][vc_column][vc_column_text]<\/p>\n<h1 style=\"text-align: center;\">AGB B2C<\/h1>\n<p><strong>Verk\u00e4uferin<\/strong><\/p>\n<p>Der Vertrag kommt zustande mit:<\/p>\n<p>BioBloom GmbH<br \/>\nFrauenkirchnerstra\u00dfe 12<br \/>\n7143 Apetlon<br \/>\n\u00d6sterreich<\/p>\n<p>Tel.: +43\u00a0664 88 74 77 10<br \/>\n<a href=\"mailto:office@biobloom.sk\">office@biobloom.sk<\/a><\/p>\n<p>Firmenbuchnummer: FN 468158 V<br \/>\nSteuernummer: 38 \u2013 410\/4097<br \/>\nUID-Nummer: ATU 7209 9203<\/p>\n<p>Vertretungsberechtigte Gesch\u00e4ftsf\u00fchrerin:<br \/>\nElisabeth Denk, BA<\/p>\n<p><strong>Geltungsbereich<\/strong><\/p>\n<p>F\u00fcr die Gesch\u00e4ftsbeziehungen zwischen BioBloom GmbH (im folgenden \u201eBioBloom\u201c), Frauenkirchnerstra\u00dfe 12, 7143 Apetlon, \u00d6sterreich und dem Kunden (Verbraucher) gelten ausschlie\u00dflich diese allgemeinen Gesch\u00e4ftsbedingungen. Entgegenstehende oder von diesen AGB abweichende Bedingungen erkennt BioBloom nicht an und widerspricht ihnen hiermit ausdr\u00fccklich. Entgegenstehende Gesch\u00e4ftsbedingungen des Kunden sind nur g\u00fcltig, wenn BioBloom ausdr\u00fccklich und schriftlich zustimmt.<\/p>\n<p>Verbraucher ist jede Person, die ein Rechtsgesch\u00e4ft abschlie\u00dft, dh eine Willenserkl\u00e4rung \u00fcber einen Tatbestand abgibt, die weder ihren beruflichen noch gewerblichen T\u00e4tigkeiten zugerechnet werden kann.<\/p>\n<p>F\u00fcr Gesch\u00e4ftsbeziehungen mit Unternehmen wird auf die allgemeinen Verkaufsbedingungen zwischen Unternehmern verwiesen.<\/p>\n<p><strong>Vertragsschluss und Bestellvorgang<\/strong><\/p>\n<p>Der Kaufvertrag kommt zustande mit BioBloom GmbH. Die Pr\u00e4sentation der Waren insbesondere im Online-Shop stellt kein rechtlich bindendes Angebot der Verk\u00e4uferin dar. Durch Anklicken des Buttons \u201eIn den Warenkorb\u201c werden die jeweils ausgew\u00e4hlten Artikel im Warenkorb abgelegt. Im abschlie\u00dfenden Schritt \u201eZUR KASSE\u201c beginnt der Bestellprozess, in welchem alle erforderlichen Daten zur Auftragsabwicklung erfasst werden. Erst durch Anklicken des Buttons \u201eKOSTENPFLICHTIG BESTELLEN\u201c geben Sie ein verbindliches Angebot \u00fcber den Kauf der im Warenkorb enthaltenen Waren ab. Die Best\u00e4tigung des Zugangs Ihrer Bestellung erfolgt per E-Mail unmittelbar nach dem Absenden der Bestellung und stellt noch keine Vertragsannahme dar. Wir k\u00f6nnen Ihre Bestellung durch Versand einer Annahmeerkl\u00e4rung in separater E-Mail oder durch Auslieferung der Ware annehmen.<\/p>\n<p><strong>Vertragssprache<\/strong><\/p>\n<p>Die f\u00fcr den Vertragsabschluss zur Verf\u00fcgung stehende Sprache ist Deutsch.<\/p>\n<p><strong>Widerrufsrecht<\/strong><\/p>\n<p>Verbraucher haben ein vierzehnt\u00e4giges Widerrufsrecht. Hier finden Sie die <u><a href=\"https:\/\/biobloom.sk\/widerrufsbelehrung\/\">Einzelheiten zu Ihrem Widerrufsrecht<\/a>.<\/u><\/p>\n<p>Das Widerrufsrecht besteht nicht bei folgenden Vertr\u00e4gen:<\/p>\n<ul>\n<li>zur Lieferung versiegelter Waren, die aus Gr\u00fcnden des Gesundheitsschutzes oder der Hygiene nicht zur R\u00fcckgabe geeignet sein, wenn ihre Versiegelung nach der Lieferung entfern wurde.<\/li>\n<\/ul>\n<p>Das Widerrufsrecht gilt ausschlie\u00dflich f\u00fcr Verbraucher.<\/p>\n<p>Der Kunde hat die Waren unbeschadet seines Widerrufsrechts f\u00fcr die R\u00fccksendung sorgf\u00e4ltig zu verpacken.<\/p>\n<p><strong>Speicherung des Vertragstextes<\/strong><\/p>\n<p>Der Vertragstext des jeweils zwischen der Verk\u00e4uferin und dem Kunden geschlossenen Vertrages wird durch die Verk\u00e4uferin gespeichert. Die Allgemeinen Gesch\u00e4ftsbedingungen kann der Kunde jederzeit auf dieser Seite einsehen. Die Bestelldaten, die Widerrufsbelehrung sowie die AGB werden auf Wunsch dem Kunden auch per Email zugesendet.<\/p>\n<p><strong>Zahlung und Lieferung<\/strong><\/p>\n<p>F\u00fcr die von der Verk\u00e4uferin angebotenen Zahlungsarten fallen keine weiteren Kosten an.<\/p>\n<p>Die beliefernden L\u00e4nder, Lieferkosten und Lieferzeiten sind hier einsehbar:<\/p>\n<p><a href=\"https:\/\/biobloom.sk\/versand-lieferung\/\"><u>Versand und Lieferung<\/u><\/a><\/p>\n<p>Sofern nicht anders vereinbart, erfolgt die Lieferung ab Lager, an die von Ihnen angegebene Lieferadresse. Angaben \u00fcber die Lieferfrist sind unverbindlich, soweit nicht ausnahmsweise der Liefertermin verbindlich zugesagt wurde.<\/p>\n<p>Wir sind zu Teillieferungen berechtigt, soweit dies f\u00fcr Sie zumutbar ist. Zus\u00e4tzliche Versandkosten entstehen nur bei ausdr\u00fccklicher Vereinbarung.<\/p>\n<p>Entstehen der Verk\u00e4uferin aufgrund der Angabe einer falschen Lieferadresse oder eines falschen Adressaten zus\u00e4tzliche Versandkosten, so sind diese Kosten vom Kunden zu ersetzen, au\u00dfer die Falschangabe ist von diesem nicht zu vertreten.<\/p>\n<p>Die angegebenen Lieferfristen beginnen bei Zahlung per Vorauskasse und Sofort\u00fcberweisung nach Erteilung des Zahlungsauftrages an das \u00fcberweisende Kreditinstitut; bei Zahlung per Kredit- oder Debitkarte nach Belastung des Kundenkontos.<\/p>\n<p>Die Lieferfristen enden mit dem Ablauf des letzten Tages der Frist. F\u00e4llt der letzte Tag der Frist auf einen Samstag, Sonntag oder an einen staatlich anerkannten Feiertag, so tritt an die Stelle eines solchen Tages der n\u00e4chste Werktag.<\/p>\n<p><strong>Versandkosten<\/strong><\/p>\n<p>Alle Versandkosten, insbesondere Verpackung, Transportkosten und Zustellung erfolgen, sofern nicht etwas anderes vereinbart wurde, auf Kosten des Kunden. Eine \u00dcbersicht der Versandkosten kann hier eingesehen werde: <a href=\"https:\/\/biobloom.sk\/versand-lieferung\/\"><u>Versand und Lieferung<\/u><\/a><\/p>\n<p>Sofern die Lieferung in das Nicht-EU-Ausland erfolgt, k\u00f6nnen weitere Z\u00f6lle, Steuern oder Geb\u00fchren vom Kunden zu zahlen sein, jedoch nicht an die Verk\u00e4uferin, sondern an die zust\u00e4ndigen Zoll- bzw Steuerbeh\u00f6rden. Dem Kunden wird empfohlen, die Einzelheiten vor der Bestellung bei den Zoll- bzw Steuerbeh\u00f6rden zu erfragen.<\/p>\n<p><strong>Vorbehalt der Selbstbelieferung<\/strong><\/p>\n<p>Der Vertragsschluss erfolgt unter dem Vorbehalt, im Falle nicht ordnungsgem\u00e4\u00dfer, verz\u00f6gerter oder ausbleibender Selbstbelieferung nicht oder nur teilweise oder entsprechend sp\u00e4ter zu leisten. Dies gilt nur f\u00fcr den Fall, dass ein kongruentes Deckungsgesch\u00e4ft zwischen Verk\u00e4uferin und Lieferant vorliegt, die nicht ordnungsgem\u00e4\u00dfe, verz\u00f6gerte oder ausbleibende Selbstbelieferung nicht von der Verk\u00e4uferin zu vertreten ist und mit zumutbarem Einsatz von ihr nicht behoben werden kann. Im Falle der Nichtverf\u00fcgbarkeit oder nur teilweisen Verf\u00fcgbarkeit der Ware wird der Kunde unverz\u00fcglich informiert. Eine eventuell geleistete Zahlung wird umgehend erstattet.<\/p>\n<p><strong>Transportsch\u00e4den<\/strong><\/p>\n<p>Werden Waren mit offensichtlichen Transportsch\u00e4den angeliefert, so hat der Kunde solche Fehler m\u00f6glichst sofort beim Zusteller zu reklamieren und mit der Verk\u00e4uferin Kontakt aufzunehmen. Die Vers\u00e4umung der Reklamation oder Kontaktaufnahme hat f\u00fcr die gesetzlichen Anspr\u00fcche und deren Durchsetzung, insbesondere Gew\u00e4hrleistungsrechte keinerlei Konsequenzen. Der Kunde kann damit helfen die Anspr\u00fcche der Verk\u00e4uferin gegen\u00fcber dem Frachtf\u00fchrer bzw. Transportversicherung geltend zu machen.<\/p>\n<p><strong>Zahlungsbedingungen<\/strong><\/p>\n<p>In unserem Shop stehen grunds\u00e4tzlich folgende Zahlungsarten zur Verf\u00fcgung:<\/p>\n<ul>\n<li><strong>Vorkasse.<\/strong> Bei Auswahl der Zahlungsart Vorkasse nennen wir Ihnen unsere Bankverbindung in separater Email und liefern die Ware nach Zahlungseingang.<\/li>\n<li><strong>Kreditkarte (Visa, Mastercard).<\/strong> Mit Abgabe der Bestellung werden die Kreditkartendaten von Ihnen direkt an den Zahlungsdienstleister \u00fcbermittelt. Nach Ihrer Legitimation als rechtm\u00e4\u00dfiger Karteninhaber wird die Zahlungstransaktion durch das Kreditkartenunternehmen automatisch durchgef\u00fchrt und Ihre Karte belastet. Ihre Kreditkarte wird durch den Zahlungsdienstleister belastet.<\/li>\n<li><strong>Kauf auf Rechnung.<\/strong> Nur f\u00fcr Kunden in \u00d6sterreich. Gemeinsam mit der Lieferung wird die Rechnung \u00fcbermittelt und ist der Kaufpreis innerhalb von 14 Tagen nach Zustellung der Lieferung an den Besteller auf das obige Konto zu bezahlen. Der Besteller hat im Falle des Zahlungsverzugs s\u00e4mtliche mit der Einbringlichmachung der Kaufpreisforderung verbundenen Kosten wie etwa f\u00fcr Inkassob\u00fcros bzw. Rechtsanwalt und Gerichtskosten in tarifm\u00e4\u00dfiger und angemessener H\u00f6he der Firma Bio Bloom zu ersetzen.<\/li>\n<li><strong>Klarna Sofort\u00fcberweisung.<\/strong> Die Belastung des Konos erfolgt unmittelbar nach Abgabe der Bestellung.<\/li>\n<\/ul>\n<p><strong>Eigentumsvorbehalt<\/strong><\/p>\n<p>Die Ware bleibt bis zur vollst\u00e4ndigen Bezahlung unser Eigentum.<\/p>\n<p><strong>Kundendienst \/ Beschwerdemanagement<\/strong><\/p>\n<p>BioBloom bietet eine Kundenhotline an. Tel.: +43 664 887 477 10<\/p>\n<p>Bei Fragen bez\u00fcglich der Lieferung der Ware besteht die M\u00f6glichkeit, sich an die Verk\u00e4uferin zu wenden.<\/p>\n<p>Plattform der EU-Kommission zur Online-Streitbeilegung: <a href=\"https:\/\/ec.europa.eu\/consumers\/odr\/main\/index.cfm?event=main.home2.show&amp;lng=DE\">https:\/\/ec.europa.eu\/consumers\/odr\/main\/index.cfm?event=main.home2.show&amp;lng=DE<\/a><\/p>\n<p>Hinweis gem\u00e4\u00df Art 14 Abs 1 ODR-VO. Wir sind grunds\u00e4tzlich nicht bereit und verpflichtet, an einem Streitbeilegungsverfahren vor einer Verbraucherschlichtungsstelle teilzunehmen.<\/p>\n<p><strong>Jugendschutz<\/strong><\/p>\n<p>Sofern Ihre Bestellung Waren umfasst, deren Verkauf Altersbeschr\u00e4nkungen unterliegt, stellen wir durch den Einsatz eines zuverl\u00e4ssigen Verfahrens unter Einbeziehung einer pers\u00f6nlichen Identit\u00e4ts- und Alterspr\u00fcfung sicher, dass der Besteller das erforderliche Mindestalter erreicht hat. Der Zusteller \u00fcbergibt die Ware erst nach erfolgter Alterspr\u00fcfung und nur an den Besteller pers\u00f6nlich.<\/p>\n<p><strong>Haftungsausschluss f\u00fcr Webseitentexte<\/strong><\/p>\n<p>Jede Dosierung oder Anwendung erfolgt auf eigenverantwortlichen Umgang und Gefahr des Benutzers. F\u00fcr Angaben \u00fcber Dosierung einzelner Substanzen und Anwendungsformen sowie etwaige inhaltliche medizinische Unrichtigkeiten \u00fcbernehmen wir keine Haftung irgendwelcher Art. Orthomolekulardi\u00e4tische Empfehlungen sind begleitend zu eventuellen medizinischen Behandlungen gedacht. Sie stellen ohne \u00e4rztliche R\u00fccksprache keinen Ersatz f\u00fcr eine Behandlung dar. Sie unterst\u00fctzen die Selbstregulation des K\u00f6rpers. Falls Sie Medikamente einnehmen oder sich in \u00e4rztlicher Behandlung befinden, sollten Sie vor der Einnahme der von uns angebotenen Produkte Ihren Arzt zu Rate ziehen. Keine Empfehlung kann die medizinische Beratung, Diagnose oder Versorgung ersetzen. Diese wurde im guten Glauben und im Vertrauen auf die professionelle Integrit\u00e4t unserer Quellen<\/p>\n<p><strong>Schlussbestimmungen<\/strong><\/p>\n<p>Es gilt \u00f6sterreichisches Recht unter Ausschluss der internationalen Verweisungsnormen und den Bestimmungen des UN-Kaufrechts.<\/p>\n<p>Sollten einzelne Bestimmungen dieses Vertrages unwirksam sein oder den gesetzlichen Bestimmungen widersprechen, so wird hierdurch der Vertrag im \u00dcbrigen nicht ber\u00fchrt.[\/vc_column_text][\/vc_column][vc_column width=&#8221;1\/6&#8243;][\/vc_column][\/vc_row][vc_row][vc_column width=&#8221;1\/6&#8243;][\/vc_column][vc_column width=&#8221;2\/3&#8243;][vc_column_text]<\/p>\n<h3 style=\"text-align: center;\">AGB B2B<\/h3>\n<p style=\"text-align: center;\"><a href=\"https:\/\/biobloom.sk\/wp-content\/uploads\/2019\/07\/Allgemeinde-Verkaufsbedingungen-v.-07.19.pdf\" target=\"_blank\" rel=\"noopener noreferrer\">Download PDF hier<\/a><\/p>\n<p>[\/vc_column_text][\/vc_column][vc_column width=&#8221;1\/6&#8243;][\/vc_column][\/vc_row]<\/p>\n<\/div>","protected":false},"excerpt":{"rendered":"<p>[vc_row][vc_column][vc_column_text] AGB B2C Verk\u00e4uferin Der Vertrag kommt zustande mit: BioBloom GmbH Frauenkirchnerstra\u00dfe 12 7143 Apetlon \u00d6sterreich Tel.: +43\u00a0664 88 74 77 10 office@biobloom.sk Firmenbuchnummer: FN 468158 V Steuernummer: 38 \u2013 410\/4097 UID-Nummer: ATU 7209 9203 Vertretungsberechtigte Gesch\u00e4ftsf\u00fchrerin: Elisabeth Denk, BA Geltungsbereich F\u00fcr die Gesch\u00e4ftsbeziehungen zwischen BioBloom GmbH (im folgenden \u201eBioBloom\u201c), Frauenkirchnerstra\u00dfe 12, 7143 Apetlon, \u00d6sterreich und dem Kunden (Verbraucher) gelten<\/p>\n<p><a class=\"more-link\" href=\"https:\/\/biobloom.sk\/de\/agb\/\">Weiterlesen<\/a><\/p>\n","protected":false},"author":1,"featured_media":0,"parent":0,"menu_order":0,"comment_status":"closed","ping_status":"closed","template":"","meta":{"_acf_changed":false,"inline_featured_image":false,"footnotes":""},"class_list":["post-617","page","type-page","status-publish","hentry"],"acf":[],"yoast_head":"<!-- This site is optimized with the Yoast SEO plugin v24.2 - https:\/\/yoast.com\/wordpress\/plugins\/seo\/ -->\n<title>BioBloom - Allgemeine Gesch\u00e4ftsbedingungen - CBD &amp; Hanfprodukte<\/title>\n<meta name=\"description\" content=\"Hier finden Sie die allgemeinen Gesch\u00e4ftsbedingungen - AGB der BioBloom GmbH. BioBloom Ihr Hersteller f\u00fcr CBD &amp; Hanfproduke aus dem Burgenland.\" \/>\n<meta name=\"robots\" content=\"index, follow, max-snippet:-1, max-image-preview:large, max-video-preview:-1\" \/>\n<link rel=\"canonical\" href=\"https:\/\/biobloom.sk\/de\/agb\/\" \/>\n<meta property=\"og:locale\" content=\"de_DE\" \/>\n<meta property=\"og:type\" content=\"article\" \/>\n<meta property=\"og:title\" content=\"BioBloom - Allgemeine Gesch\u00e4ftsbedingungen - CBD &amp; Hanfprodukte\" \/>\n<meta property=\"og:description\" content=\"Hier finden Sie die allgemeinen Gesch\u00e4ftsbedingungen - AGB der BioBloom GmbH. BioBloom Ihr Hersteller f\u00fcr CBD &amp; Hanfproduke aus dem Burgenland.\" \/>\n<meta property=\"og:url\" content=\"https:\/\/biobloom.sk\/de\/agb\/\" \/>\n<meta property=\"og:site_name\" content=\"BioBloom\" \/>\n<meta property=\"article:publisher\" content=\"https:\/\/www.facebook.com\/biobloomhemp\" \/>\n<meta property=\"article:modified_time\" content=\"2021-09-20T10:52:53+00:00\" \/>\n<meta name=\"twitter:card\" content=\"summary_large_image\" \/>\n<meta name=\"twitter:label1\" content=\"Gesch\u00e4tzte Lesezeit\" \/>\n\t<meta name=\"twitter:data1\" content=\"7\u00a0Minuten\" \/>\n<script type=\"application\/ld+json\" class=\"yoast-schema-graph\">{\"@context\":\"https:\/\/schema.org\",\"@graph\":[{\"@type\":\"WebPage\",\"@id\":\"https:\/\/biobloom.sk\/de\/agb\/\",\"url\":\"https:\/\/biobloom.sk\/de\/agb\/\",\"name\":\"BioBloom - Allgemeine Gesch\u00e4ftsbedingungen - CBD & Hanfprodukte\",\"isPartOf\":{\"@id\":\"https:\/\/biobloom.sk\/de\/#website\"},\"datePublished\":\"2017-04-13T11:35:48+00:00\",\"dateModified\":\"2021-09-20T10:52:53+00:00\",\"description\":\"Hier finden Sie die allgemeinen Gesch\u00e4ftsbedingungen - AGB der BioBloom GmbH. BioBloom Ihr Hersteller f\u00fcr CBD & Hanfproduke aus dem Burgenland.\",\"breadcrumb\":{\"@id\":\"https:\/\/biobloom.sk\/de\/agb\/#breadcrumb\"},\"inLanguage\":\"de\",\"potentialAction\":[{\"@type\":\"ReadAction\",\"target\":[\"https:\/\/biobloom.sk\/de\/agb\/\"]}]},{\"@type\":\"BreadcrumbList\",\"@id\":\"https:\/\/biobloom.sk\/de\/agb\/#breadcrumb\",\"itemListElement\":[{\"@type\":\"ListItem\",\"position\":1,\"name\":\"BioBloom\",\"item\":\"https:\/\/biobloom.sk\/de\/\"},{\"@type\":\"ListItem\",\"position\":2,\"name\":\"AGB\"}]},{\"@type\":\"WebSite\",\"@id\":\"https:\/\/biobloom.sk\/de\/#website\",\"url\":\"https:\/\/biobloom.sk\/de\/\",\"name\":\"BioBloom\",\"description\":\"100% Quality\",\"potentialAction\":[{\"@type\":\"SearchAction\",\"target\":{\"@type\":\"EntryPoint\",\"urlTemplate\":\"https:\/\/biobloom.sk\/de\/?s={search_term_string}\"},\"query-input\":{\"@type\":\"PropertyValueSpecification\",\"valueRequired\":true,\"valueName\":\"search_term_string\"}}],\"inLanguage\":\"de\"}]}<\/script>\n<!-- \/ Yoast SEO plugin. -->","yoast_head_json":{"title":"BioBloom - Allgemeine Gesch\u00e4ftsbedingungen - CBD & Hanfprodukte","description":"Hier finden Sie die allgemeinen Gesch\u00e4ftsbedingungen - AGB der BioBloom GmbH. BioBloom Ihr Hersteller f\u00fcr CBD & Hanfproduke aus dem Burgenland.","robots":{"index":"index","follow":"follow","max-snippet":"max-snippet:-1","max-image-preview":"max-image-preview:large","max-video-preview":"max-video-preview:-1"},"canonical":"https:\/\/biobloom.sk\/de\/agb\/","og_locale":"de_DE","og_type":"article","og_title":"BioBloom - Allgemeine Gesch\u00e4ftsbedingungen - CBD & Hanfprodukte","og_description":"Hier finden Sie die allgemeinen Gesch\u00e4ftsbedingungen - AGB der BioBloom GmbH. BioBloom Ihr Hersteller f\u00fcr CBD & Hanfproduke aus dem Burgenland.","og_url":"https:\/\/biobloom.sk\/de\/agb\/","og_site_name":"BioBloom","article_publisher":"https:\/\/www.facebook.com\/biobloomhemp","article_modified_time":"2021-09-20T10:52:53+00:00","twitter_card":"summary_large_image","twitter_misc":{"Gesch\u00e4tzte Lesezeit":"7\u00a0Minuten"},"schema":{"@context":"https:\/\/schema.org","@graph":[{"@type":"WebPage","@id":"https:\/\/biobloom.sk\/de\/agb\/","url":"https:\/\/biobloom.sk\/de\/agb\/","name":"BioBloom - Allgemeine Gesch\u00e4ftsbedingungen - CBD & Hanfprodukte","isPartOf":{"@id":"https:\/\/biobloom.sk\/de\/#website"},"datePublished":"2017-04-13T11:35:48+00:00","dateModified":"2021-09-20T10:52:53+00:00","description":"Hier finden Sie die allgemeinen Gesch\u00e4ftsbedingungen - AGB der BioBloom GmbH. BioBloom Ihr Hersteller f\u00fcr CBD & Hanfproduke aus dem Burgenland.","breadcrumb":{"@id":"https:\/\/biobloom.sk\/de\/agb\/#breadcrumb"},"inLanguage":"de","potentialAction":[{"@type":"ReadAction","target":["https:\/\/biobloom.sk\/de\/agb\/"]}]},{"@type":"BreadcrumbList","@id":"https:\/\/biobloom.sk\/de\/agb\/#breadcrumb","itemListElement":[{"@type":"ListItem","position":1,"name":"BioBloom","item":"https:\/\/biobloom.sk\/de\/"},{"@type":"ListItem","position":2,"name":"AGB"}]},{"@type":"WebSite","@id":"https:\/\/biobloom.sk\/de\/#website","url":"https:\/\/biobloom.sk\/de\/","name":"BioBloom","description":"100% Quality","potentialAction":[{"@type":"SearchAction","target":{"@type":"EntryPoint","urlTemplate":"https:\/\/biobloom.sk\/de\/?s={search_term_string}"},"query-input":{"@type":"PropertyValueSpecification","valueRequired":true,"valueName":"search_term_string"}}],"inLanguage":"de"}]}},"_links":{"self":[{"href":"https:\/\/biobloom.sk\/de\/wp-json\/wp\/v2\/pages\/617","targetHints":{"allow":["GET"]}}],"collection":[{"href":"https:\/\/biobloom.sk\/de\/wp-json\/wp\/v2\/pages"}],"about":[{"href":"https:\/\/biobloom.sk\/de\/wp-json\/wp\/v2\/types\/page"}],"author":[{"embeddable":true,"href":"https:\/\/biobloom.sk\/de\/wp-json\/wp\/v2\/users\/1"}],"replies":[{"embeddable":true,"href":"https:\/\/biobloom.sk\/de\/wp-json\/wp\/v2\/comments?post=617"}],"version-history":[{"count":0,"href":"https:\/\/biobloom.sk\/de\/wp-json\/wp\/v2\/pages\/617\/revisions"}],"wp:attachment":[{"href":"https:\/\/biobloom.sk\/de\/wp-json\/wp\/v2\/media?parent=617"}],"curies":[{"name":"wp","href":"https:\/\/api.w.org\/{rel}","templated":true}]}}